{"id":49,"date":"2022-09-29T10:03:16","date_gmt":"2022-09-29T08:03:16","guid":{"rendered":"https:\/\/dev.sels.de\/fr\/?page_id=49"},"modified":"2022-11-15T09:22:36","modified_gmt":"2022-11-15T08:22:36","slug":"impressum","status":"publish","type":"page","link":"https:\/\/www.sels.de\/fr\/impressum\/","title":{"rendered":"Empreinte"},"content":{"rendered":"<div class=\"wpb-content-wrapper\"><p>[vc_row css=\u00a0\u00bb.vc_custom_1661263364834{margin-top: 30px !important;}\u00a0\u00bb][vc_column col_shadow=\u00a0\u00bbbox_shadow_enable:disable|shadow_horizontal:0|shadow_vertical:15|shadow_blur:50|shadow_spread:0|box_shadow_color:rgba(0%2C0%2C0%2C.35)\u00a0\u00bb col_shadow_hover=\u00a0\u00bbbox_shadow_enable:disable|shadow_horizontal:0|shadow_vertical:15|shadow_blur:50|shadow_spread:0|box_shadow_color:rgba(0%2C0%2C0%2C.35)\u00a0\u00bb][vc_column_text]<\/p>\n<h1>Empreinte<\/h1>\n<p><b>Responsable du contenu:<\/b><br \/>\nO. &amp; L. Sels GmbH &amp; Co. KG<br \/>\nD\u00fcsseldorfer Str. 99<br \/>\n41460 Neuss<\/p>\n<p>Telefon: +49 2131-27990<br \/>\nFax: +49 2131-279960<br \/>\nMail:\u00a0<a href=\"mailto:info@sels.de\">info@sels.de<\/a><\/p>\n<p><b>Directeur g\u00e9n\u00e9ral:<\/b><br \/>\nJulian Sels<br \/>\nFred de Bruin<br \/>\nKnud Hinrichsen<\/p>\n<p>VAT-ID-Nr.: DE 120695577<br \/>\nRegistre du commerce: Amtsgericht Neuss, HRA 2460<\/p>\n<p>&nbsp;<\/p>\n<p><b>Cr\u00e9dits photographiques: <\/b><br \/>\nO. &amp; L. Sels, iStockphoto, Fotolia, Christoph Krey, OpenStreetMap<\/p>\n<p>&nbsp;<\/p>\n<p><b>Avis de responsabilit\u00e9:<\/b><br \/>\nMalgr\u00e9 un contr\u00f4le minutieux du contenu, nous n&rsquo;assumons aucune responsabilit\u00e9 pour le contenu des liens externes. Seuls les exploitants de ces sites sont responsables de leur contenu.[\/vc_column_text][\/vc_column][\/vc_row]<\/p>\n<\/div>","protected":false},"excerpt":{"rendered":"<p>[vc_row css=\u00a0\u00bb.vc_custom_1661263364834{margin-top: 30px !important;}\u00a0\u00bb][vc_column col_shadow=\u00a0\u00bbbox_shadow_enable:disable|shadow_horizontal:0|shadow_vertical:15|shadow_blur:50|shadow_spread:0|box_shadow_color:rgba(0%2C0%2C0%2C.35)\u00a0\u00bb col_shadow_hover=\u00a0\u00bbbox_shadow_enable:disable|shadow_horizontal:0|shadow_vertical:15|shadow_blur:50|shadow_spread:0|box_shadow_color:rgba(0%2C0%2C0%2C.35)\u00a0\u00bb][vc_column_text] Empreinte Responsable du contenu: O. &amp; L. Sels GmbH &amp; Co. KG D\u00fcsseldorfer Str. 99 41460 Neuss Telefon: +49 2131-27990 Fax: +49 2131-279960 Mail:\u00a0info@sels.de<\/p>\n","protected":false},"author":1,"featured_media":0,"parent":0,"menu_order":0,"comment_status":"closed","ping_status":"closed","template":"page-custom.php","meta":{"footnotes":""},"class_list":["post-49","page","type-page","status-publish","hentry"],"_links":{"self":[{"href":"https:\/\/www.sels.de\/fr\/wp-json\/wp\/v2\/pages\/49","targetHints":{"allow":["GET"]}}],"collection":[{"href":"https:\/\/www.sels.de\/fr\/wp-json\/wp\/v2\/pages"}],"about":[{"href":"https:\/\/www.sels.de\/fr\/wp-json\/wp\/v2\/types\/page"}],"author":[{"embeddable":true,"href":"https:\/\/www.sels.de\/fr\/wp-json\/wp\/v2\/users\/1"}],"replies":[{"embeddable":true,"href":"https:\/\/www.sels.de\/fr\/wp-json\/wp\/v2\/comments?post=49"}],"version-history":[{"count":7,"href":"https:\/\/www.sels.de\/fr\/wp-json\/wp\/v2\/pages\/49\/revisions"}],"predecessor-version":[{"id":160,"href":"https:\/\/www.sels.de\/fr\/wp-json\/wp\/v2\/pages\/49\/revisions\/160"}],"wp:attachment":[{"href":"https:\/\/www.sels.de\/fr\/wp-json\/wp\/v2\/media?parent=49"}],"curies":[{"name":"wp","href":"https:\/\/api.w.org\/{rel}","templated":true}]}}